{"id":36,"date":"2025-12-05T21:07:16","date_gmt":"2025-12-05T21:07:16","guid":{"rendered":"https:\/\/lesgitesdagape.com\/faq\/"},"modified":"2025-12-20T18:11:44","modified_gmt":"2025-12-20T18:11:44","slug":"faq","status":"publish","type":"page","link":"https:\/\/lesgitesdagape.com\/?page_id=36","title":{"rendered":"FAQ"},"content":{"rendered":"\n<blockquote class=\"wp-block-quote is-layout-flow wp-block-quote-is-layout-flow\">\n<h2 class=\"wp-block-heading has-text-align-center has-vivid-cyan-blue-color has-text-color has-link-color wp-elements-d1453a6a0b98c1dfbf6ab02f5c68a850\">Un havre de paix pour votre s\u00e9jour<\/h2>\n<\/blockquote>\n\n\n\n<div class=\"wp-block-group alignfull has-background-background-color has-background\" id=\"faq\" style=\"margin-top:0;margin-bottom:0;padding-top:var(--wp--preset--spacing--60);padding-right:var(--wp--preset--spacing--30);padding-bottom:var(--wp--preset--spacing--60);padding-left:var(--wp--preset--spacing--30)\"><div class=\"wp-block-group__inner-container is-layout-constrained wp-container-core-group-is-layout-bcbd3fab wp-block-group-is-layout-constrained\">\n<div class=\"wp-block-group alignwide is-vertical is-layout-flex wp-container-core-group-is-layout-8cf370e7 wp-block-group-is-layout-flex\">\n<div class=\"wp-block-group alignwide is-content-justification-center\"><div class=\"wp-block-group__inner-container is-layout-constrained wp-block-group-is-layout-constrained\"><\/div><\/div>\n<\/div>\n\n\n\n<div class=\"wp-block-columns alignwide is-layout-flex wp-container-core-columns-is-layout-4d397ad4 wp-block-columns-is-layout-flex\">\n<div class=\"wp-block-column is-layout-flow wp-block-column-is-layout-flow\">\n<div class=\"wp-block-group\"><div class=\"wp-block-group__inner-container is-layout-constrained wp-block-group-is-layout-constrained\">\n<div class=\"wp-block-group\" style=\"border-bottom-color:var(--wp--preset--color--tertiary);border-bottom-width:1px;margin-top:0;padding-top:var(--wp--preset--spacing--30);padding-bottom:var(--wp--preset--spacing--30)\"><div class=\"wp-block-group__inner-container is-layout-constrained wp-block-group-is-layout-constrained\">\n<p><\/p>\n\n\n\n<h4 class=\"wp-block-heading has-medium-font-size\">Comment r\u00e9server ?<\/h4>\n\n\n\n<p style=\"margin-top:12px;font-size:16px\">Vous pouvez r\u00e9server directement via notre site ou par t\u00e9l\u00e9phone, selon vos pr\u00e9f\u00e9rences.<\/p>\n<\/div><\/div>\n\n\n\n<div class=\"wp-block-group\" style=\"border-bottom-color:var(--wp--preset--color--tertiary);border-bottom-width:1px;margin-top:0;padding-top:var(--wp--preset--spacing--30);padding-bottom:var(--wp--preset--spacing--30)\"><div class=\"wp-block-group__inner-container is-layout-constrained wp-block-group-is-layout-constrained\">\n<h4 class=\"wp-block-heading has-medium-font-size\">Quels \u00e9quipements sont inclus dans les g\u00eetes&nbsp;?<\/h4>\n\n\n\n<p style=\"margin-top:12px;font-size:16px\">Chaque g\u00eete dispose d&rsquo;une cuisine \u00e9quip\u00e9e, d&rsquo;une connexion Wi-Fi et du linge de maison fourni.<\/p>\n<\/div><\/div>\n\n\n\n<div class=\"wp-block-group\" style=\"border-bottom-color:var(--wp--preset--color--tertiary);border-bottom-width:1px;margin-top:0;padding-top:var(--wp--preset--spacing--30);padding-bottom:var(--wp--preset--spacing--30)\"><div class=\"wp-block-group__inner-container is-layout-constrained wp-block-group-is-layout-constrained\">\n<h4 class=\"wp-block-heading has-medium-font-size\">Les animaux de compagnie sont-ils accept\u00e9s&nbsp;?<\/h4>\n\n\n\n<p style=\"margin-top:12px;font-size:16px\">Oui, nous accueillons vos animaux avec plaisir, sous conditions, veuillez nous consulter.<\/p>\n<\/div><\/div>\n\n\n\n<div class=\"wp-block-group\" style=\"margin-top:0;padding-top:var(--wp--preset--spacing--30);padding-bottom:0\"><div class=\"wp-block-group__inner-container is-layout-constrained wp-block-group-is-layout-constrained\">\n<h4 class=\"wp-block-heading has-medium-font-size\">Y a-t-il un parking disponible sur place&nbsp;?<\/h4>\n\n\n\n<p style=\"margin-top:12px;font-size:16px\">Un parking priv\u00e9 est accessible gratuitement pour tous nos h\u00f4tes.<\/p>\n<\/div><\/div>\n<\/div><\/div>\n<\/div>\n\n\n\n<div class=\"wp-block-column is-layout-flow wp-block-column-is-layout-flow\"><div class=\"wp-block-image extendify-image-import\">\n<figure class=\"aligncenter size-full is-resized\"><img loading=\"lazy\" decoding=\"async\" width=\"665\" height=\"428\" src=\"https:\/\/lesgitesdagape.com\/wp-content\/uploads\/2025\/12\/f9650ec4612ec90298e3d0bdc472a0e9.jpg\" alt=\"\" class=\"wp-image-93\" style=\"aspect-ratio:1;object-fit:cover;width:361px;height:auto\" srcset=\"https:\/\/lesgitesdagape.com\/wp-content\/uploads\/2025\/12\/f9650ec4612ec90298e3d0bdc472a0e9.jpg 665w, https:\/\/lesgitesdagape.com\/wp-content\/uploads\/2025\/12\/f9650ec4612ec90298e3d0bdc472a0e9-300x193.jpg 300w\" sizes=\"auto, (max-width: 665px) 100vw, 665px\" \/><\/figure>\n<\/div><\/div>\n<\/div>\n<\/div><\/div>\n\n\n\n<figure class=\"wp-block-gallery has-nested-images columns-default is-cropped wp-block-gallery-1 is-layout-flex wp-block-gallery-is-layout-flex\">\n<figure class=\"wp-block-image size-large\"><img loading=\"lazy\" decoding=\"async\" width=\"1024\" height=\"417\" data-id=\"502\" src=\"https:\/\/lesgitesdagape.com\/wp-content\/uploads\/2025\/12\/cropped-IMG_2835-1024x417.jpg\" alt=\"\" class=\"wp-image-502\" srcset=\"https:\/\/lesgitesdagape.com\/wp-content\/uploads\/2025\/12\/cropped-IMG_2835-1024x417.jpg 1024w, https:\/\/lesgitesdagape.com\/wp-content\/uploads\/2025\/12\/cropped-IMG_2835-300x122.jpg 300w, https:\/\/lesgitesdagape.com\/wp-content\/uploads\/2025\/12\/cropped-IMG_2835-768x313.jpg 768w, https:\/\/lesgitesdagape.com\/wp-content\/uploads\/2025\/12\/cropped-IMG_2835-1536x625.jpg 1536w, https:\/\/lesgitesdagape.com\/wp-content\/uploads\/2025\/12\/cropped-IMG_2835.jpg 2000w\" sizes=\"auto, (max-width: 1024px) 100vw, 1024px\" \/><\/figure>\n\n\n\n<figure class=\"wp-block-image size-large\"><img loading=\"lazy\" decoding=\"async\" width=\"640\" height=\"480\" data-id=\"485\" src=\"https:\/\/lesgitesdagape.com\/wp-content\/uploads\/2025\/12\/IMG_2839-1-1.jpg\" alt=\"\" class=\"wp-image-485\" srcset=\"https:\/\/lesgitesdagape.com\/wp-content\/uploads\/2025\/12\/IMG_2839-1-1.jpg 640w, https:\/\/lesgitesdagape.com\/wp-content\/uploads\/2025\/12\/IMG_2839-1-1-300x225.jpg 300w\" sizes=\"auto, (max-width: 640px) 100vw, 640px\" \/><\/figure>\n\n\n\n<figure class=\"wp-block-image size-large\"><img loading=\"lazy\" decoding=\"async\" width=\"1024\" height=\"768\" data-id=\"479\" src=\"https:\/\/lesgitesdagape.com\/wp-content\/uploads\/2025\/12\/IMG_2834-1-1024x768.jpg\" alt=\"\" class=\"wp-image-479\" srcset=\"https:\/\/lesgitesdagape.com\/wp-content\/uploads\/2025\/12\/IMG_2834-1-1024x768.jpg 1024w, https:\/\/lesgitesdagape.com\/wp-content\/uploads\/2025\/12\/IMG_2834-1-300x225.jpg 300w, https:\/\/lesgitesdagape.com\/wp-content\/uploads\/2025\/12\/IMG_2834-1-768x576.jpg 768w, https:\/\/lesgitesdagape.com\/wp-content\/uploads\/2025\/12\/IMG_2834-1.jpg 1280w\" sizes=\"auto, (max-width: 1024px) 100vw, 1024px\" \/><\/figure>\n\n\n\n<figure class=\"wp-block-image size-large\"><img loading=\"lazy\" decoding=\"async\" width=\"1024\" height=\"768\" data-id=\"483\" src=\"https:\/\/lesgitesdagape.com\/wp-content\/uploads\/2025\/12\/IMG_2837.jpg\" alt=\"\" class=\"wp-image-483\" srcset=\"https:\/\/lesgitesdagape.com\/wp-content\/uploads\/2025\/12\/IMG_2837.jpg 1024w, https:\/\/lesgitesdagape.com\/wp-content\/uploads\/2025\/12\/IMG_2837-300x225.jpg 300w, https:\/\/lesgitesdagape.com\/wp-content\/uploads\/2025\/12\/IMG_2837-768x576.jpg 768w\" sizes=\"auto, (max-width: 1024px) 100vw, 1024px\" \/><\/figure>\n<\/figure>\n","protected":false},"excerpt":{"rendered":"<p>Un havre de paix pour votre s\u00e9jour Comment r\u00e9server ? Vous pouvez r\u00e9server directement via notre site ou par t\u00e9l\u00e9phone, selon vos pr\u00e9f\u00e9rences. Quels \u00e9quipements sont inclus dans les g\u00eetes&nbsp;? Chaque g\u00eete dispose d&rsquo;une cuisine \u00e9quip\u00e9e, d&rsquo;une connexion Wi-Fi et du linge de maison fourni. Les animaux de compagnie sont-ils accept\u00e9s&nbsp;? Oui, nous accueillons vos [&hellip;]<\/p>\n","protected":false},"author":1,"featured_media":0,"parent":0,"menu_order":0,"comment_status":"closed","ping_status":"closed","template":"","meta":{"footnotes":""},"class_list":["post-36","page","type-page","status-publish","hentry"],"_links":{"self":[{"href":"https:\/\/lesgitesdagape.com\/index.php?rest_route=\/wp\/v2\/pages\/36","targetHints":{"allow":["GET"]}}],"collection":[{"href":"https:\/\/lesgitesdagape.com\/index.php?rest_route=\/wp\/v2\/pages"}],"about":[{"href":"https:\/\/lesgitesdagape.com\/index.php?rest_route=\/wp\/v2\/types\/page"}],"author":[{"embeddable":true,"href":"https:\/\/lesgitesdagape.com\/index.php?rest_route=\/wp\/v2\/users\/1"}],"replies":[{"embeddable":true,"href":"https:\/\/lesgitesdagape.com\/index.php?rest_route=%2Fwp%2Fv2%2Fcomments&post=36"}],"version-history":[{"count":43,"href":"https:\/\/lesgitesdagape.com\/index.php?rest_route=\/wp\/v2\/pages\/36\/revisions"}],"predecessor-version":[{"id":556,"href":"https:\/\/lesgitesdagape.com\/index.php?rest_route=\/wp\/v2\/pages\/36\/revisions\/556"}],"wp:attachment":[{"href":"https:\/\/lesgitesdagape.com\/index.php?rest_route=%2Fwp%2Fv2%2Fmedia&parent=36"}],"curies":[{"name":"wp","href":"https:\/\/api.w.org\/{rel}","templated":true}]}}